{"id":1011,"date":"2020-11-30T11:41:21","date_gmt":"2020-11-30T11:41:21","guid":{"rendered":"http:\/\/recordsports.co\/index.php\/product\/golty-professional-cup-6\/"},"modified":"2021-05-14T21:47:42","modified_gmt":"2021-05-14T21:47:42","slug":"golty-professional-cup-6","status":"publish","type":"product","link":"https:\/\/recordsports.co\/index.php\/product\/golty-professional-cup-6\/","title":{"rendered":"GOLTY PROFESSIONAL CUP #6"},"content":{"rendered":"<p>Cuero construcci\u00f3n laminado. Peso 500 a 550 grs. Circunferencia 70 a 73 cms. Superficies de juego madera y baldosa. Bal\u00f3n oficial del partido Real Madrid de Espa\u00f1a vs Guerreros de Bogot\u00e1. Copa Euro Americana 2014. Aprobado FIBA (Buen desempe\u00f1o en pruebas exigentes). Aprobado LPB Liga Profesional de Baloncesto de Venezuela (Bal\u00f3n de alta categor\u00eda)<\/p>\n","protected":false},"excerpt":{"rendered":"<p>Cuero construcci\u00f3n laminado. Peso 500 a 550 grs. Circunferencia 70 a 73 cms. Superficies de juego madera y baldosa. Bal\u00f3n oficial del partido Real Madrid de Espa\u00f1a vs Guerreros de Bogot\u00e1. Copa Euro Americana 2014. Aprobado FIBA (Buen desempe\u00f1o en pruebas exigentes). Aprobado LPB Liga Profesional de Baloncesto de Venezuela (Bal\u00f3n de alta categor\u00eda)<\/p>\n","protected":false},"featured_media":1001,"comment_status":"closed","ping_status":"open","template":"","meta":{"site-sidebar-layout":"default","site-content-layout":"","ast-site-content-layout":"","site-content-style":"default","site-sidebar-style":"default","ast-global-header-display":"","ast-banner-title-visibility":"","ast-main-header-display":"","ast-hfb-above-header-display":"","ast-hfb-below-header-display":"","ast-hfb-mobile-header-display":"","site-post-title":"","ast-breadcrumbs-content":"","ast-featured-img":"","footer-sml-layout":"","theme-transparent-header-meta":"","adv-header-id-meta":"","stick-header-meta":"","header-above-stick-meta":"","header-main-stick-meta":"","header-below-stick-meta":"","astra-migrate-meta-layouts":"default","ast-page-background-enabled":"default","ast-page-background-meta":{"desktop":{"background-color":"","background-image":"","background-repeat":"repeat","background-position":"center center","background-size":"auto","background-attachment":"scroll","background-type":"","background-media":"","overlay-type":"","overlay-color":"","overlay-opacity":"","overlay-gradient":""},"tablet":{"background-color":"","background-image":"","background-repeat":"repeat","background-position":"center center","background-size":"auto","background-attachment":"scroll","background-type":"","background-media":"","overlay-type":"","overlay-color":"","overlay-opacity":"","overlay-gradient":""},"mobile":{"background-color":"","background-image":"","background-repeat":"repeat","background-position":"center center","background-size":"auto","background-attachment":"scroll","background-type":"","background-media":"","overlay-type":"","overlay-color":"","overlay-opacity":"","overlay-gradient":""}},"ast-content-background-meta":{"desktop":{"background-color":"var(--ast-global-color-5)","background-image":"","background-repeat":"repeat","background-position":"center center","background-size":"auto","background-attachment":"scroll","background-type":"","background-media":"","overlay-type":"","overlay-color":"","overlay-opacity":"","overlay-gradient":""},"tablet":{"background-color":"var(--ast-global-color-5)","background-image":"","background-repeat":"repeat","background-position":"center center","background-size":"auto","background-attachment":"scroll","background-type":"","background-media":"","overlay-type":"","overlay-color":"","overlay-opacity":"","overlay-gradient":""},"mobile":{"background-color":"var(--ast-global-color-5)","background-image":"","background-repeat":"repeat","background-position":"center center","background-size":"auto","background-attachment":"scroll","background-type":"","background-media":"","overlay-type":"","overlay-color":"","overlay-opacity":"","overlay-gradient":""}}},"product_cat":[15,16],"product_tag":[],"class_list":{"0":"post-1011","1":"product","2":"type-product","3":"status-publish","4":"has-post-thumbnail","6":"product_cat-uncategorized","7":"product_cat-baloncesto","8":"desktop-align-left","9":"tablet-align-left","10":"mobile-align-left","12":"first","13":"instock","14":"purchasable","15":"product-type-simple"},"_links":{"self":[{"href":"https:\/\/recordsports.co\/index.php\/wp-json\/wp\/v2\/product\/1011"}],"collection":[{"href":"https:\/\/recordsports.co\/index.php\/wp-json\/wp\/v2\/product"}],"about":[{"href":"https:\/\/recordsports.co\/index.php\/wp-json\/wp\/v2\/types\/product"}],"replies":[{"embeddable":true,"href":"https:\/\/recordsports.co\/index.php\/wp-json\/wp\/v2\/comments?post=1011"}],"wp:featuredmedia":[{"embeddable":true,"href":"https:\/\/recordsports.co\/index.php\/wp-json\/wp\/v2\/media\/1001"}],"wp:attachment":[{"href":"https:\/\/recordsports.co\/index.php\/wp-json\/wp\/v2\/media?parent=1011"}],"wp:term":[{"taxonomy":"product_cat","embeddable":true,"href":"https:\/\/recordsports.co\/index.php\/wp-json\/wp\/v2\/product_cat?post=1011"},{"taxonomy":"product_tag","embeddable":true,"href":"https:\/\/recordsports.co\/index.php\/wp-json\/wp\/v2\/product_tag?post=1011"}],"curies":[{"name":"wp","href":"https:\/\/api.w.org\/{rel}","templated":true}]}}